{"id":11,"date":"2014-11-16T11:23:03","date_gmt":"2014-11-16T10:23:03","guid":{"rendered":"http:\/\/lesamisdealing.fr\/wordpress\/?page_id=11"},"modified":"2025-09-18T20:41:17","modified_gmt":"2025-09-18T19:41:17","slug":"scrable","status":"publish","type":"page","link":"http:\/\/lesamisdealing.fr\/?page_id=11","title":{"rendered":"Scrable Europeen et gourmand 2025-2026"},"content":{"rendered":"<h5>Au travers du jeu, et quel que soit votre niveau, d\u00e9veloppez la m\u00e9morisation de votre vocabulaire et de la conjugaison, dans la langue europ\u00e9enne de votre choix (Anglais, ainsi qu&rsquo;Allemand, Italien ou Espagnol). Les participants se rejoignent ensuite autour d&rsquo;un go\u00fbter convivial dans l&rsquo;\u00e9change et la d\u00e9tente.<\/h5>\n<p><a href=\"http:\/\/lesamisdealing.fr\/wordpress\/wp-content\/uploads\/2014\/11\/scrabble.jpg\"><img loading=\"lazy\" decoding=\"async\" class=\"attachment-medium aligncenter\" src=\"http:\/\/lesamisdealing.fr\/wordpress\/wp-content\/uploads\/2014\/11\/scrabble-300x200.jpg\" alt=\"scrabble\" width=\"300\" height=\"200\" \/><\/a><\/p>\n<p>Responsable:Anne SION DUHEN<br \/>\n06 17 73 86 84<\/p>\n<p>Le samedi \u00a0apr\u00e8s &#8211; midi \u00e0 14h30<\/p>\n<ul>\n<li>15 novembre \u00a02025<\/li>\n<li>6 \u00a0d\u00e9cembre \u00a02025<\/li>\n<li>10 janvier \u00a02026 (galette des rois)<\/li>\n<li>7 f\u00e9vrier 2026<\/li>\n<li>14 mars 2026<\/li>\n<li>4 avril 2026<\/li>\n<li>30 mai 2026<\/li>\n<\/ul>\n","protected":false},"excerpt":{"rendered":"<p>Au travers du jeu, et quel que soit votre niveau, d\u00e9veloppez la m\u00e9morisation de votre vocabulaire et de la conjugaison, dans la langue europ\u00e9enne de votre choix (Anglais, ainsi qu&rsquo;Allemand, Italien ou Espagnol). Les&#46;&#46;&#46;<\/p>\n","protected":false},"author":1,"featured_media":0,"parent":0,"menu_order":0,"comment_status":"open","ping_status":"open","template":"","meta":{"footnotes":"","_links_to":"","_links_to_target":""},"class_list":["post-11","page","type-page","status-publish","hentry"],"_links":{"self":[{"href":"http:\/\/lesamisdealing.fr\/index.php?rest_route=\/wp\/v2\/pages\/11","targetHints":{"allow":["GET"]}}],"collection":[{"href":"http:\/\/lesamisdealing.fr\/index.php?rest_route=\/wp\/v2\/pages"}],"about":[{"href":"http:\/\/lesamisdealing.fr\/index.php?rest_route=\/wp\/v2\/types\/page"}],"author":[{"embeddable":true,"href":"http:\/\/lesamisdealing.fr\/index.php?rest_route=\/wp\/v2\/users\/1"}],"replies":[{"embeddable":true,"href":"http:\/\/lesamisdealing.fr\/index.php?rest_route=%2Fwp%2Fv2%2Fcomments&post=11"}],"version-history":[{"count":22,"href":"http:\/\/lesamisdealing.fr\/index.php?rest_route=\/wp\/v2\/pages\/11\/revisions"}],"predecessor-version":[{"id":2141,"href":"http:\/\/lesamisdealing.fr\/index.php?rest_route=\/wp\/v2\/pages\/11\/revisions\/2141"}],"wp:attachment":[{"href":"http:\/\/lesamisdealing.fr\/index.php?rest_route=%2Fwp%2Fv2%2Fmedia&parent=11"}],"curies":[{"name":"wp","href":"https:\/\/api.w.org\/{rel}","templated":true}]}}