{"id":28,"date":"2014-11-16T11:26:29","date_gmt":"2014-11-16T10:26:29","guid":{"rendered":"http:\/\/lesamisdealing.fr\/wordpress\/?page_id=28"},"modified":"2025-01-19T10:48:01","modified_gmt":"2025-01-19T09:48:01","slug":"le-stage-intensif","status":"publish","type":"page","link":"http:\/\/lesamisdealing.fr\/?page_id=28","title":{"rendered":"Le stage intensif"},"content":{"rendered":"<p><strong>\u00a0WEEK-END d&rsquo;ANGLAIS \u00e0 EALING<br \/><\/strong><\/p>\n<p><strong>Le week-end intensif \u00e0 Ealing aura lieu les 27,28,29 et 30 mars 2025.<br \/>Il est r\u00e9serv\u00e9 en priorit\u00e9 aux auditeurs d\u2019anglais de l\u2019Association<\/strong>.<\/p>\n<p>Les participants fran\u00e7ais sont log\u00e9s en famille, ils sont r\u00e9partis en deux groupes pour assister chacun \u00e0 10 heures de cours.<\/p>\n<p><strong>WEEK-END de FRANCAIS \u00e0 MARCQ<\/strong><\/p>\n<p><strong>le week-end intensif \u00e0 Marcq en Baroeul aura lieu les 13,14,15,16 et 17 mars 2025.<\/strong><\/p>\n<p><strong> Les activit\u00e9s et horaires du programme du week-end intensif de fran\u00e7ais \u00e0 Marcq sont tr\u00e8s similaires \u00e0 ceux du programme en Angleterre, et laissent aux familles d\u2019accueil une grande libert\u00e9 durant la journ\u00e9e.<\/strong><\/p>\n<p>\u00a0 \u00a0 \u00a0 \u00a0 \u00a0 \u00a0 Chers amis,<\/p>\n<p>\u00a0 Cette ann\u00e9e encore je g\u00e8re les week-ends intensifs initi\u00e9s et organis\u00e9s pendant tant d&rsquo;ann\u00e9es par Marie-Christine Bouillet.<\/p>\n<p>1)\u00a0 Nos amis des \u201c Friends of Marcq \u201d seront h\u00e9berg\u00e9s par nos soins. Certains d&rsquo;entre nous ont d\u00e9j\u00e0 pr\u00e9vu de retrouver leur(s) invit\u00e9(s) habituel(s). D&rsquo;autres h\u00f4tes potentiels peuvent me contacter par mail:\u00a0<a href=\"mailto:pascalemongin20@yahoo.com\">pascalemongin20@yahoo.com<\/a><\/p>\n<p>\u00a0 \u00a0 \u00a0 \u00a0 \u00a0 \u00a0 \u00a0 \u00a0 \u00a0 \u00a0 \u00a0 \u00a0 \u00a0 \u00a0 \u00a0 \u00a0 \u00a0 \u00a0 \u00a0 par texto: 06 20 47 80 02<\/p>\n<p>Nos invit\u00e9s auront 10 heures de cours, il faut pr\u00e9voir de les accueillir et de les conduire au ch\u00e2teau Vanderhaegen pour les cours .\u00a0<\/p>\n<p>\u00a0 2) Notre d\u00e9placement \u00e0 Ealing se fera par Eurostar puis m\u00e9tro entre St Pancras et Ealing. Le dimanche 30, apr\u00e8s avoir quitt\u00e9 nos h\u00f4tes, nous pourrons d\u00e9couvrir un quartier de Londres . Tout cela suppose des d\u00e9placements \u00e0 pied et des escaliers \u00e0 monter en portant votre valise, assurez-vous que votre forme physique vous le permette.<\/p>\n<p>Les participants fran\u00e7ais sont accueillis et log\u00e9s par les Friends of Marcq. Nous serons r\u00e9partis en deux groupes pour assister aux 10 heures de cours pr\u00e9vues.<\/p>\n<p>Ce week-end est r\u00e9serv\u00e9 en priorit\u00e9 aux membres de l&rsquo;association inscrits aux cours d&rsquo;anglais. Le nombre de places \u00e9tant limit\u00e9, ne tardez pas \u00e0 vous inscrire, voir ci-dessus mes coordonn\u00e9es. V\u00e9rifiez la validit\u00e9 de votre passeport et pr\u00e9voyez la carte europ\u00e9enne de sant\u00e9<\/p>\n<p>Pour finaliser votre inscription, merci de compl\u00e9ter le bulletin d&rsquo;inscription joint \u00e0 ce mail ainsi qu&rsquo;un ch\u00e8que de 270 euros \u00e0 l&rsquo;ordre des Amis d\u2019Ealing, ceci comprend le trajet, les frais li\u00e9s aux cours et \u00e0 l&rsquo;h\u00e9bergement. Les repas des jeudi, vendredi et dimanche midi et les tickets de m\u00e9tro seront r\u00e9gl\u00e9s sur place par vos soins.\u00a0<\/p>\n<p>Une r\u00e9union d&rsquo;information est pr\u00e9vue d\u00e9but mars pour les participants.<\/p>\n<p>Amicalement,<\/p>\n<p>Pascale Mongin.<\/p>\n<p>Pour tout renseignement compl\u00e9mentaire, n\u2019h\u00e9sitez surtout pas \u00e0 me contacter.<\/p>\n<p><a href=\"http:\/\/lesamisdealing.fr\/wp-content\/uploads\/2025\/01\/Bulletin-inscription-WEI-Ealing-2025.pdf\">bulletin d&rsquo;inscription en cliquant ici<\/a><\/p>\n<p><strong>\u00a0<\/strong><\/p>\n\n\n<p><\/p>\n\n\n\n<p><\/p>\n\n\n\n<p><\/p>\n","protected":false},"excerpt":{"rendered":"<p>\u00a0WEEK-END d&rsquo;ANGLAIS \u00e0 EALING Le week-end intensif \u00e0 Ealing aura lieu les 27,28,29 et 30 mars 2025.Il est r\u00e9serv\u00e9 en priorit\u00e9 aux auditeurs d\u2019anglais de l\u2019Association. Les participants fran\u00e7ais sont log\u00e9s en famille, ils&#46;&#46;&#46;<\/p>\n","protected":false},"author":1,"featured_media":0,"parent":0,"menu_order":0,"comment_status":"open","ping_status":"open","template":"","meta":{"footnotes":"","_links_to":"","_links_to_target":""},"class_list":["post-28","page","type-page","status-publish","hentry"],"_links":{"self":[{"href":"http:\/\/lesamisdealing.fr\/index.php?rest_route=\/wp\/v2\/pages\/28","targetHints":{"allow":["GET"]}}],"collection":[{"href":"http:\/\/lesamisdealing.fr\/index.php?rest_route=\/wp\/v2\/pages"}],"about":[{"href":"http:\/\/lesamisdealing.fr\/index.php?rest_route=\/wp\/v2\/types\/page"}],"author":[{"embeddable":true,"href":"http:\/\/lesamisdealing.fr\/index.php?rest_route=\/wp\/v2\/users\/1"}],"replies":[{"embeddable":true,"href":"http:\/\/lesamisdealing.fr\/index.php?rest_route=%2Fwp%2Fv2%2Fcomments&post=28"}],"version-history":[{"count":36,"href":"http:\/\/lesamisdealing.fr\/index.php?rest_route=\/wp\/v2\/pages\/28\/revisions"}],"predecessor-version":[{"id":2065,"href":"http:\/\/lesamisdealing.fr\/index.php?rest_route=\/wp\/v2\/pages\/28\/revisions\/2065"}],"wp:attachment":[{"href":"http:\/\/lesamisdealing.fr\/index.php?rest_route=%2Fwp%2Fv2%2Fmedia&parent=28"}],"curies":[{"name":"wp","href":"https:\/\/api.w.org\/{rel}","templated":true}]}}