{"id":280,"date":"2015-03-23T13:12:45","date_gmt":"2015-03-23T12:12:45","guid":{"rendered":"http:\/\/lesamisdealing.fr\/wordpress\/?page_id=280"},"modified":"2026-03-14T09:14:08","modified_gmt":"2026-03-14T08:14:08","slug":"stage-enfants","status":"publish","type":"page","link":"http:\/\/lesamisdealing.fr\/?page_id=280","title":{"rendered":"stage enfants"},"content":{"rendered":"<div class=\"section\">\n<div class=\"section\">\n<div class=\"layoutArea\">\n<div class=\"column\">\n<h2><strong>les mini stages<br \/><\/strong><\/h2>\n<div class=\"column\">\n<p>Les Amis d\u2019Ealing proposent pour vos enfants des mini-stages de d\u00e9couverte.<\/p>\n<p>Du 13 au 15 avril \u00a02026 , de 9h00 \u00e0 12h00, est organis\u00e9 un mini-stage d&rsquo;Anglais r\u00e9serv\u00e9 pour enfants du \u00a0CP au CM2<\/p>\n<p><span style=\"font-size: inherit;\">Au menu :cr\u00e9ation manuelle et autres activit\u00e9s ludiques et vari\u00e9es en anglais.<\/span><\/p>\n<\/div>\n<\/div>\n<\/div>\n<\/div>\n<\/div>\n<div class=\"section\">\n<div class=\"section\">\n<div class=\"layoutArea\">\n<div class=\"column\">\n<div class=\"column\">\n<p>Ces stages se d\u00e9rouleront de 9h00 \u00e0 12h00 au ch\u00e2teau Vanderhaghen \u00e0 Marcq-en-Baroeul.<\/p>\n<\/div>\n<\/div>\n<\/div>\n<div class=\"layoutArea\">\n<div class=\"column\">\n<p>prix d\u2019un mini-stage : 65\u20ac ( + 20\u20ac cotisation par famille pour les non-adh\u00e9rents)<\/p>\n<p><a href=\"http:\/\/lesamisdealing.fr\/wp-content\/uploads\/2026\/03\/26-04-Mini-stage-d-anglais-1-.pdf\">Inscriptions en cliquant ici<\/a><\/p>\n<div class=\"column\">\u00a0<\/div>\n<\/div>\n<\/div>\n<\/div>\n<div class=\"section\">\u00a0<\/div>\n<\/div>\n\n\n<p><\/p>\n","protected":false},"excerpt":{"rendered":"<p>les mini stages Les Amis d\u2019Ealing proposent pour vos enfants des mini-stages de d\u00e9couverte. Du 13 au 15 avril \u00a02026 , de 9h00 \u00e0 12h00, est organis\u00e9 un mini-stage d&rsquo;Anglais r\u00e9serv\u00e9 pour enfants du&#46;&#46;&#46;<\/p>\n","protected":false},"author":1,"featured_media":0,"parent":0,"menu_order":0,"comment_status":"open","ping_status":"open","template":"","meta":{"footnotes":"","_links_to":"","_links_to_target":""},"class_list":["post-280","page","type-page","status-publish","hentry"],"_links":{"self":[{"href":"http:\/\/lesamisdealing.fr\/index.php?rest_route=\/wp\/v2\/pages\/280","targetHints":{"allow":["GET"]}}],"collection":[{"href":"http:\/\/lesamisdealing.fr\/index.php?rest_route=\/wp\/v2\/pages"}],"about":[{"href":"http:\/\/lesamisdealing.fr\/index.php?rest_route=\/wp\/v2\/types\/page"}],"author":[{"embeddable":true,"href":"http:\/\/lesamisdealing.fr\/index.php?rest_route=\/wp\/v2\/users\/1"}],"replies":[{"embeddable":true,"href":"http:\/\/lesamisdealing.fr\/index.php?rest_route=%2Fwp%2Fv2%2Fcomments&post=280"}],"version-history":[{"count":93,"href":"http:\/\/lesamisdealing.fr\/index.php?rest_route=\/wp\/v2\/pages\/280\/revisions"}],"predecessor-version":[{"id":2230,"href":"http:\/\/lesamisdealing.fr\/index.php?rest_route=\/wp\/v2\/pages\/280\/revisions\/2230"}],"wp:attachment":[{"href":"http:\/\/lesamisdealing.fr\/index.php?rest_route=%2Fwp%2Fv2%2Fmedia&parent=280"}],"curies":[{"name":"wp","href":"https:\/\/api.w.org\/{rel}","templated":true}]}}