{"id":153,"date":"2014-12-30T13:56:26","date_gmt":"2014-12-30T12:56:26","guid":{"rendered":"http:\/\/lesamisdealing.fr\/wordpress\/?page_id=153"},"modified":"2015-10-19T12:29:42","modified_gmt":"2015-10-19T11:29:42","slug":"les-studios-dealing","status":"publish","type":"page","link":"https:\/\/lesamisdealing.fr\/?page_id=153","title":{"rendered":"Les Studios d&rsquo;Ealing"},"content":{"rendered":"<h1>LES STUDIOS D&rsquo;EALING<\/h1>\n<div class=\"cote_droit\">\n<table>\n<tbody>\n<tr>\n<td><a href=\"http:\/\/lesamisdealing.fr\/wp-content\/uploads\/2014\/12\/balconmichael.jpg\"><img loading=\"lazy\" decoding=\"async\" class=\"alignnone size-medium wp-image-383\" src=\"http:\/\/lesamisdealing.fr\/wp-content\/uploads\/2014\/12\/balconmichael-214x300.jpg\" alt=\"balconmichael\" width=\"214\" height=\"300\" srcset=\"https:\/\/lesamisdealing.fr\/wp-content\/uploads\/2014\/12\/balconmichael-214x300.jpg 214w, https:\/\/lesamisdealing.fr\/wp-content\/uploads\/2014\/12\/balconmichael.jpg 240w\" sizes=\"auto, (max-width: 214px) 100vw, 214px\" \/><\/a><\/td>\n<td><a href=\"http:\/\/lesamisdealing.fr\/wp-content\/uploads\/2014\/12\/audreyhepburn.jpg\"><img loading=\"lazy\" decoding=\"async\" class=\"alignnone size-medium wp-image-382\" src=\"http:\/\/lesamisdealing.fr\/wp-content\/uploads\/2014\/12\/audreyhepburn-235x300.jpg\" alt=\"audreyhepburn\" width=\"235\" height=\"300\" srcset=\"https:\/\/lesamisdealing.fr\/wp-content\/uploads\/2014\/12\/audreyhepburn-235x300.jpg 235w, https:\/\/lesamisdealing.fr\/wp-content\/uploads\/2014\/12\/audreyhepburn.jpg 240w\" sizes=\"auto, (max-width: 235px) 100vw, 235px\" \/><\/a><\/td>\n<td><a href=\"http:\/\/lesamisdealing.fr\/wp-content\/uploads\/2014\/12\/AlecGuinness.jpg\"><img loading=\"lazy\" decoding=\"async\" class=\"alignnone size-medium wp-image-381\" src=\"http:\/\/lesamisdealing.fr\/wp-content\/uploads\/2014\/12\/AlecGuinness-213x300.jpg\" alt=\"AlecGuinness\" width=\"213\" height=\"300\" srcset=\"https:\/\/lesamisdealing.fr\/wp-content\/uploads\/2014\/12\/AlecGuinness-213x300.jpg 213w, https:\/\/lesamisdealing.fr\/wp-content\/uploads\/2014\/12\/AlecGuinness.jpg 240w\" sizes=\"auto, (max-width: 213px) 100vw, 213px\" \/><\/a><\/td>\n<\/tr>\n<tr>\n<td style=\"text-align: center;\">Michael Balcon<\/td>\n<td style=\"text-align: center;\">Audrey Hepburn<\/td>\n<td style=\"text-align: center;\">\u00a0Alec Guinness<\/td>\n<\/tr>\n<\/tbody>\n<\/table>\n<p>&gt; <a href=\"http:\/\/lesamisdealing.fr\/?page_id=158\">Voir les com\u00e9dies d&rsquo;Ealing<\/a> &lt;<\/p>\n<\/div>\n<div class=\"cote_gauche\">\n<p>C&rsquo;est dans deux jardins mitoyens que les studios d&rsquo;Ealing virent le jour comme plateau de tournage en ext\u00e9rieur. Leur propri\u00e9taire, William Roger Barker, pionnier de l&rsquo;industrie cin\u00e9matographique britannique, construisit le premier studio int\u00e9rieur cinq ans plus tard.<\/p>\n<p>L&rsquo;Union Studios acheta le site en 1929 mais des difficult\u00e9s financi\u00e8res conduisirent bient\u00f4t \u00e0 un nouveau rachat par l&rsquo;Associated Talking Pictures (Les films Parlants Associ\u00e9s), fond\u00e9e par Basil Dean. L&rsquo;A.T.P. d\u00e9marra aussit\u00f4t la construction des premiers studios con\u00e7us pour le cin\u00e9ma parlant en Grande Bretagne.<\/p>\n<p>Dean choisit ces studios pour un certain nombre de raison, l&rsquo;une d&rsquo;elles \u00e9tant qu&rsquo;\u00e0 cette \u00e9poque, Ealing d\u00e9tenait le palmar\u00e8s des journ\u00e9es sans brouillard dans la r\u00e9gion londonienne &#8211; param\u00e8tres essentiels pour l&rsquo;\u00e9clairage et le tournage en ext\u00e9rieur, que Dean affectionnait.<\/p>\n<p>Les com\u00e9dies classiques que l&rsquo;on associe aux studios d&rsquo;Ealing vinrent apr\u00e8s l&rsquo;\u00e9poque de Basil Dean, qui de son temps, produisait toutefois de nombreux succ\u00e8s. Bien qu&rsquo;il pr\u00e9f\u00e9r\u00e2t r\u00e9aliser des pi\u00e8ces convenables, les plus importants b\u00e9n\u00e9fices provenaient de farces bouffonnes. Les vedettes comiques les plus populaires \u00e9taient alors Gracies Fields et George Formby. (No Limit &#8211; 1935)<\/p>\n<h2>La p\u00e9riode \u00a0\u00bb Michael Balcon \u00a0\u00bb :<\/h2>\n<p>Pour beaucoup, les fameuses com\u00e9dies d&rsquo;Ealing sont associ\u00e9es \u00e0 Michael Balcon.<\/p>\n<p>Balcon rejoignit les studios d&rsquo;Ealing juste avant la seconde Guerre, et 95 films furent produits sous sa direction qui dura 20 ans. Mais les com\u00e9dies qui firent la r\u00e9putation d&rsquo;Ealing n&rsquo;en repr\u00e9sentent qu&rsquo;une tr\u00e8s faible proportion. Avant cette p\u00e9riode, Dean comme les autres, s&rsquo;occupait avant tout de faire tourner des personnalit\u00e9s comme Gracie Fields, George Formby et Will Hay.<\/p>\n<p>Cependant, les com\u00e9dies d&rsquo;apr\u00e8s-guerre eurent pour elles de comporter des sc\u00e9narios \u00e0 part enti\u00e8re, et n&rsquo;avaient pas besoin d&rsquo;une personnalit\u00e9 ou d&rsquo;une tradition comique pour \u00ab\u00a0faire\u00a0\u00bb le film. Ces com\u00e9dies refl\u00e9taient la mentalit\u00e9 des gens, leurs conditions sociales et leurs aspirations. Comme Michael Balcon le dit un jour en les d\u00e9crivant : \u00ab\u00a0Qui n&rsquo;a pas souhait\u00e9 d\u00e9valiser une banque (de l&rsquo;or en barres) afin d&rsquo;acc\u00e9der \u00e0 une vie plus facile, se d\u00e9barrasser de personnes g\u00eanantes par une s\u00e9rie de meurtres (Noblesse Oblige), faire mordre la poussi\u00e8re aux bureaucrates (Passeport pour Pimlico et Un tortillard pour Titfield) ?\u00a0\u00bb<\/p>\n<p>Les personnages d&rsquo;Ealing \u00e9taient des individus ou des groupes non conventionnels, confront\u00e9s \u00e0 un probl\u00e8me apparement insoluble mais qu&rsquo;ils finissaient par surmonter d&rsquo;une mani\u00e8re ou d&rsquo;une autre. La com\u00e9die tenait de la mani\u00e8re dont ils s&rsquo;y prenaient pour y parvenir.<\/p>\n<p>A l&rsquo;exception de Whisky \u00e0 gogo, tir\u00e9 d&rsquo;un roman, toutes les com\u00e9dies c\u00e9l\u00e8bres \u00e9taient bas\u00e9es sur des id\u00e9es originales \u00e9crites par le grand \u00e9cran.<\/p>\n<p>N\u00e9anmoins, Michael Balcon lui-m\u00eame reconnaissait ses points faibles. Hormis Gracie Fields, les studios d&rsquo;Ealing n&rsquo;eurent jamais de grandes vedettes f\u00e9minines.<\/p>\n<p>Dans le prologue et l&rsquo;\u00e9pilogue de l&rsquo;Or en Barres, on voit une tr\u00e8s jolie fille vendre des cigarettes \u00e0 Alec Guinness dans le salon de l&rsquo;a\u00e9roport. Balcon ne lui accorda aucune attention. Son nom \u00e9tait Audrey Hepburn\u2026<\/p>\n<h2>Les studios d&rsquo;Ealing aujourd&rsquo;hui :<\/h2>\n<p>En 1955 les studios d&rsquo;Ealing furent c\u00e9d\u00e9s \u00e0 la BBC.<\/p>\n<p>La production se poursuivit alors dans les studios de la MGM \u00e0 Borehamwood. Seuls quelques films furent encore produits \u00e0 Ealing avant la fermeture d\u00e9finitive en 1959.<\/p>\n<p>La BBC s&rsquo;installa rapidement et se mit \u00e0 produire une gamme d&rsquo;\u00e9missions sportives et le magazine d&rsquo;informations \u00a0\u00bb Panorama \u00ab\u00a0, qui est toujours diffus\u00e9 \u00e0 l&rsquo;heure actuelle.<\/p>\n<p>Aujourd&rsquo;hui les studios d&rsquo;Ealing sont lou\u00e9s comme plateaux de tournage \u00e0 des compagnies de production ? Ils appartiennent \u00e0 la National Film and Television School (NFTV) qui a l&rsquo;intention de quitter Beaconsfield pour s&rsquo;implanter \u00e0 Ealing d&rsquo;ici deux \u00e0 trois ans.<\/p>\n<\/div>\n","protected":false},"excerpt":{"rendered":"<p>LES STUDIOS D&rsquo;EALING Michael Balcon Audrey Hepburn \u00a0Alec Guinness &gt; Voir les com\u00e9dies d&rsquo;Ealing &lt; C&rsquo;est dans deux jardins mitoyens que les studios d&rsquo;Ealing virent le jour comme plateau de tournage en ext\u00e9rieur. Leur&#46;&#46;&#46;<\/p>\n","protected":false},"author":1,"featured_media":0,"parent":0,"menu_order":0,"comment_status":"open","ping_status":"closed","template":"","meta":{"footnotes":"","_links_to":"","_links_to_target":""},"class_list":["post-153","page","type-page","status-publish","hentry"],"_links":{"self":[{"href":"https:\/\/lesamisdealing.fr\/index.php?rest_route=\/wp\/v2\/pages\/153","targetHints":{"allow":["GET"]}}],"collection":[{"href":"https:\/\/lesamisdealing.fr\/index.php?rest_route=\/wp\/v2\/pages"}],"about":[{"href":"https:\/\/lesamisdealing.fr\/index.php?rest_route=\/wp\/v2\/types\/page"}],"author":[{"embeddable":true,"href":"https:\/\/lesamisdealing.fr\/index.php?rest_route=\/wp\/v2\/users\/1"}],"replies":[{"embeddable":true,"href":"https:\/\/lesamisdealing.fr\/index.php?rest_route=%2Fwp%2Fv2%2Fcomments&post=153"}],"version-history":[{"count":5,"href":"https:\/\/lesamisdealing.fr\/index.php?rest_route=\/wp\/v2\/pages\/153\/revisions"}],"predecessor-version":[{"id":386,"href":"https:\/\/lesamisdealing.fr\/index.php?rest_route=\/wp\/v2\/pages\/153\/revisions\/386"}],"wp:attachment":[{"href":"https:\/\/lesamisdealing.fr\/index.php?rest_route=%2Fwp%2Fv2%2Fmedia&parent=153"}],"curies":[{"name":"wp","href":"https:\/\/api.w.org\/{rel}","templated":true}]}}