{"id":16,"date":"2014-11-16T11:24:31","date_gmt":"2014-11-16T10:24:31","guid":{"rendered":"http:\/\/lesamisdealing.fr\/wordpress\/?page_id=16"},"modified":"2025-09-18T20:43:49","modified_gmt":"2025-09-18T19:43:49","slug":"debats-cinephiles-en-anglais","status":"publish","type":"page","link":"https:\/\/lesamisdealing.fr\/?page_id=16","title":{"rendered":"D\u00e9bats cin\u00e9philes en anglais 2025-2026"},"content":{"rendered":"<h5>Une opportunit\u00e9 de vous exprimer en Anglais :<\/h5>\n<p>Nous vous proposons, une fois par mois, de participer \u00e0 une discussion autour d&rsquo;un film en anglais (sous-titr\u00e9 anglais) dans une ambiance chaleureuse et d\u00e9tendue.<\/p>\n<p><a href=\"http:\/\/lesamisdealing.fr\/wordpress\/wp-content\/uploads\/2014\/11\/soiree_autour_de.jpg\"><img loading=\"lazy\" decoding=\"async\" class=\"attachment-medium aligncenter\" src=\"http:\/\/lesamisdealing.fr\/wordpress\/wp-content\/uploads\/2014\/11\/soiree_autour_de-300x193.jpg\" alt=\"soiree_autour_de\" width=\"300\" height=\"193\" \/><\/a><\/p>\n<p>Le Vendredi soir \u00e0 19h00 les:<\/p>\n<ul>\n<li>31 Octobre \u00a02025<\/li>\n<li>21 Novembre 2025<\/li>\n<li>23 Janvier 2026<\/li>\n<li>13 F\u00e9vrier 2026<\/li>\n<li>27 Mars 2026<\/li>\n<li>24 Avril 2026<\/li>\n<li>29 \u00a0Mai 2026<\/li>\n<\/ul>\n<p><strong>Stage Cin\u00e9diome:<\/strong> 27-29 novembre \u00a02026<\/p>\n<p>Contact: <a href=\"mailto:lesamisdealing@sfr.fr\">Augustin CASAUX<br \/><\/a>T\u00e9l: 03 20 89 84 98<\/p>\n\n\n<p><\/p>\n","protected":false},"excerpt":{"rendered":"<p>Une opportunit\u00e9 de vous exprimer en Anglais : Nous vous proposons, une fois par mois, de participer \u00e0 une discussion autour d&rsquo;un film en anglais (sous-titr\u00e9 anglais) dans une ambiance chaleureuse et d\u00e9tendue. Le&#46;&#46;&#46;<\/p>\n","protected":false},"author":1,"featured_media":0,"parent":0,"menu_order":0,"comment_status":"open","ping_status":"open","template":"","meta":{"footnotes":"","_links_to":"","_links_to_target":""},"class_list":["post-16","page","type-page","status-publish","hentry"],"_links":{"self":[{"href":"https:\/\/lesamisdealing.fr\/index.php?rest_route=\/wp\/v2\/pages\/16","targetHints":{"allow":["GET"]}}],"collection":[{"href":"https:\/\/lesamisdealing.fr\/index.php?rest_route=\/wp\/v2\/pages"}],"about":[{"href":"https:\/\/lesamisdealing.fr\/index.php?rest_route=\/wp\/v2\/types\/page"}],"author":[{"embeddable":true,"href":"https:\/\/lesamisdealing.fr\/index.php?rest_route=\/wp\/v2\/users\/1"}],"replies":[{"embeddable":true,"href":"https:\/\/lesamisdealing.fr\/index.php?rest_route=%2Fwp%2Fv2%2Fcomments&post=16"}],"version-history":[{"count":21,"href":"https:\/\/lesamisdealing.fr\/index.php?rest_route=\/wp\/v2\/pages\/16\/revisions"}],"predecessor-version":[{"id":2143,"href":"https:\/\/lesamisdealing.fr\/index.php?rest_route=\/wp\/v2\/pages\/16\/revisions\/2143"}],"wp:attachment":[{"href":"https:\/\/lesamisdealing.fr\/index.php?rest_route=%2Fwp%2Fv2%2Fmedia&parent=16"}],"curies":[{"name":"wp","href":"https:\/\/api.w.org\/{rel}","templated":true}]}}