{"id":170,"date":"2014-12-30T14:05:26","date_gmt":"2014-12-30T13:05:26","guid":{"rendered":"http:\/\/lesamisdealing.fr\/wordpress\/?page_id=170"},"modified":"2025-10-20T20:12:47","modified_gmt":"2025-10-20T19:12:47","slug":"bibliotheque","status":"publish","type":"page","link":"https:\/\/lesamisdealing.fr\/?page_id=170","title":{"rendered":"Biblioth\u00e8que"},"content":{"rendered":"<h1>Biblioth\u00e8que des Amis d&rsquo;Ealing<\/h1>\n<div id=\"encart_gauche\">\n<p class=\"pac\">Le centre de ressources met \u00e0 votre disposition de nombreux ouvrages que vous pouvez emprunter <span style=\"color: #ff0000;\">lors de la permanence du <strong>Lundi 18h-19h<\/strong> avant ou apr\u00e8s les cours<\/span> ,en vous rapprochant du \u00ab R\u00e9f\u00e9rent \u00bb biblioth\u00e8que de votre cours.<\/p>\n<ul>Un grand choix de livres :<\/p>\n<li>romans,<\/li>\n<li>policiers,<\/li>\n<li>ouvrages pour l\u2019apprentissage de l\u2019anglais,<\/li>\n<li>BD,<\/li>\n<li>livres avec CD niveau 1 \u00ab begginners \u00bb au niveau 5 \u00ab fluent \u00bb<\/li>\n<li>guides : culturels, de voyage&#8230;<\/li>\n<li>livres bilingues<\/li>\n<li>et livres pour enfants&#8230;<\/li>\n<\/ul>\n<p><a href=\"http:\/\/lesamisdealing.fr\/wp-content\/uploads\/2016\/02\/Livres-avec-CD-Feuil1.pdf\">Livres avec CD<\/a><\/p>\n<p class=\"pac\"><em>L\u2019inscription est gratuite.<br \/>\n<\/em><\/p>\n<p class=\"pac\"><a href=\"http:\/\/lesamisdealing.fr\/wordpress\/wp-content\/uploads\/2014\/12\/cdi.png\"><img loading=\"lazy\" decoding=\"async\" class=\"attachment-medium aligncenter\" src=\"http:\/\/lesamisdealing.fr\/wordpress\/wp-content\/uploads\/2014\/12\/cdi-272x300.png\" alt=\"cdi\" width=\"140\" height=\"154\" \/><\/a><\/p>\n<\/div>\n","protected":false},"excerpt":{"rendered":"<p>Biblioth\u00e8que des Amis d&rsquo;Ealing Le centre de ressources met \u00e0 votre disposition de nombreux ouvrages que vous pouvez emprunter lors de la permanence du Lundi 18h-19h avant ou apr\u00e8s les cours ,en vous rapprochant&#46;&#46;&#46;<\/p>\n","protected":false},"author":1,"featured_media":0,"parent":0,"menu_order":0,"comment_status":"open","ping_status":"open","template":"","meta":{"footnotes":"","_links_to":"","_links_to_target":""},"class_list":["post-170","page","type-page","status-publish","hentry"],"_links":{"self":[{"href":"https:\/\/lesamisdealing.fr\/index.php?rest_route=\/wp\/v2\/pages\/170","targetHints":{"allow":["GET"]}}],"collection":[{"href":"https:\/\/lesamisdealing.fr\/index.php?rest_route=\/wp\/v2\/pages"}],"about":[{"href":"https:\/\/lesamisdealing.fr\/index.php?rest_route=\/wp\/v2\/types\/page"}],"author":[{"embeddable":true,"href":"https:\/\/lesamisdealing.fr\/index.php?rest_route=\/wp\/v2\/users\/1"}],"replies":[{"embeddable":true,"href":"https:\/\/lesamisdealing.fr\/index.php?rest_route=%2Fwp%2Fv2%2Fcomments&post=170"}],"version-history":[{"count":9,"href":"https:\/\/lesamisdealing.fr\/index.php?rest_route=\/wp\/v2\/pages\/170\/revisions"}],"predecessor-version":[{"id":2162,"href":"https:\/\/lesamisdealing.fr\/index.php?rest_route=\/wp\/v2\/pages\/170\/revisions\/2162"}],"wp:attachment":[{"href":"https:\/\/lesamisdealing.fr\/index.php?rest_route=%2Fwp%2Fv2%2Fmedia&parent=170"}],"curies":[{"name":"wp","href":"https:\/\/api.w.org\/{rel}","templated":true}]}}