{"id":2167,"date":"2025-10-20T20:23:52","date_gmt":"2025-10-20T19:23:52","guid":{"rendered":"https:\/\/lesamisdealing.fr\/?page_id=2167"},"modified":"2025-10-20T20:35:14","modified_gmt":"2025-10-20T19:35:14","slug":"bulletin-dadhesion-a-lassociation","status":"publish","type":"page","link":"https:\/\/lesamisdealing.fr\/?page_id=2167","title":{"rendered":"Bulletin d&rsquo;adhesion \u00e0 l&rsquo;association"},"content":{"rendered":"\n<p><a href=\"http:\/\/lesamisdealing.fr\/wp-content\/uploads\/2025\/10\/FICHE-D-ADHESION.pdf\">Cliquez ici pour t\u00e9l\u00e9charger le bulletin d&rsquo;adh\u00e9sion  \u00e0 l&rsquo;association <\/a><\/p>\n\n\n\n<p><\/p>\n","protected":false},"excerpt":{"rendered":"<p>Cliquez ici pour t\u00e9l\u00e9charger le bulletin d&rsquo;adh\u00e9sion \u00e0 l&rsquo;association<\/p>\n","protected":false},"author":2,"featured_media":0,"parent":0,"menu_order":0,"comment_status":"closed","ping_status":"closed","template":"","meta":{"footnotes":"","_links_to":"","_links_to_target":""},"class_list":["post-2167","page","type-page","status-publish","hentry"],"_links":{"self":[{"href":"https:\/\/lesamisdealing.fr\/index.php?rest_route=\/wp\/v2\/pages\/2167","targetHints":{"allow":["GET"]}}],"collection":[{"href":"https:\/\/lesamisdealing.fr\/index.php?rest_route=\/wp\/v2\/pages"}],"about":[{"href":"https:\/\/lesamisdealing.fr\/index.php?rest_route=\/wp\/v2\/types\/page"}],"author":[{"embeddable":true,"href":"https:\/\/lesamisdealing.fr\/index.php?rest_route=\/wp\/v2\/users\/2"}],"replies":[{"embeddable":true,"href":"https:\/\/lesamisdealing.fr\/index.php?rest_route=%2Fwp%2Fv2%2Fcomments&post=2167"}],"version-history":[{"count":3,"href":"https:\/\/lesamisdealing.fr\/index.php?rest_route=\/wp\/v2\/pages\/2167\/revisions"}],"predecessor-version":[{"id":2173,"href":"https:\/\/lesamisdealing.fr\/index.php?rest_route=\/wp\/v2\/pages\/2167\/revisions\/2173"}],"wp:attachment":[{"href":"https:\/\/lesamisdealing.fr\/index.php?rest_route=%2Fwp%2Fv2%2Fmedia&parent=2167"}],"curies":[{"name":"wp","href":"https:\/\/api.w.org\/{rel}","templated":true}]}}