{"id":34,"date":"2014-11-16T11:28:05","date_gmt":"2014-11-16T10:28:05","guid":{"rendered":"http:\/\/lesamisdealing.fr\/wordpress\/?page_id=34"},"modified":"2015-10-19T12:26:59","modified_gmt":"2015-10-19T11:26:59","slug":"amis-dealing","status":"publish","type":"page","link":"https:\/\/lesamisdealing.fr\/?page_id=34","title":{"rendered":"Amis d&rsquo;Ealing"},"content":{"rendered":"<h1>Association \u00ab\u00a0LES AMIS D&rsquo;EALING\u00a0\u00bb<\/h1>\n<p>L\u2019Association des<strong> Amis d\u2019Ealing<\/strong> a vu le jour en 1978 \u00e0 <strong>Marcq en Baroeul<\/strong>, son premier pr\u00e9sident fut M. Deflandre, alors conseiller municipal. Son but initial fut d\u2019organiser des \u00e9changes scolaires entre un coll\u00e8ge d\u2019Ealing et le CES des Hautes Loges.<strong>Ealing est un quartier r\u00e9sidentiel de Londres<\/strong>, il est connu pour ses <a href=\"http:\/\/lesamisdealing.fr\/?page_id=153\"><strong>studios de cin\u00e9ma<\/strong><\/a> (devenus studios de t\u00e9l\u00e9vision), o\u00f9 sir Alfred Hitchcock, entre autres, tourna plusieurs films.<\/p>\n<p><a href=\"http:\/\/lesamisdealing.fr\/wordpress\/wp-content\/uploads\/2014\/11\/logo_ealing-marcq.png\"><img loading=\"lazy\" decoding=\"async\" class=\"attachment-medium aligncenter\" src=\"http:\/\/lesamisdealing.fr\/wordpress\/wp-content\/uploads\/2014\/11\/logo_ealing-marcq.png\" alt=\"logo_ealing-marcq\" width=\"150\" height=\"52\" \/><\/a><\/p>\n<p>En 1983, Jeanne Hirsch, principale du CES des Hautes Loges, succ\u00e9da \u00e0 M Deflandre, elle restera 17 ann\u00e9es \u00e0 ce poste.<\/p>\n<p>D\u00e8s 1985, l\u2019Association mit sur pied des cours d\u2019anglais pour les adultes, pour tous les niveaux, \u00e0 raison de 27 s\u00e9ances d\u2019une heure et demie sur l\u2019ann\u00e9e. L&rsquo;ann\u00e9e 1989 conna\u00eetra le premier week-end intensif. Pendant 3 jours, 12 anglais venant d&rsquo;Ealing perfectionnent l&rsquo;apprentissage de la langue fran\u00e7aise avec les professeurs de l&rsquo;association; le logement se fait en famille. Puis des Fran\u00e7ais participent au stage intensif d&rsquo;Anglais \u00e0 Ealing dans les m\u00eame conditions. En 1999, c\u2019est vers les plus petits que s\u2019est tourn\u00e9e l\u2019association, avec la cr\u00e9ation d\u2019<strong>Ealing School<\/strong>, qui proposait des cours pour les \u00e9l\u00e8ves du CE1 au CM2, \u00e0 raison de vingt-cinq fois une heure par an. Enfin, entre 2002 et 2006, ont \u00e9t\u00e9 ouverts des cours pour les \u00e9l\u00e8ves de la 6\u00e8me \u00e0 la Terminale, selon le m\u00eame principe que pour les primaires, \u00e0 savoir vingt-cinq cours d\u2019une heure par an. Depuis 2006, sont organis\u00e9s pendant les vacances scolaires, en novembre et d\u00e9but juillet, des ministages \u00e0 th\u00e8mes, pour les 9-11 ans, sur les pays anglo-saxons.<\/p>\n<p>Les \u00e9changes scolaires furent quant \u00e0 eux relanc\u00e9s \u00e0 partir de la rentr\u00e9e 2001 avec l\u2019ouverture de l\u2019Elthorne High School \u00e0 Ealing et celle du nouveau coll\u00e8ge du Lazaro.<\/p>\n<p>L\u2019association compte aujourd\u2019hui <strong>420 adh\u00e9rents<\/strong>, dont 350 suivent ces diff\u00e9rents cours de langue.<\/p>\n<p>Mais l\u2019activit\u00e9 de l\u2019association ne s\u2019arr\u00eate pas \u00e0 cet apprentissage de l\u2019anglais. \u00abIl est tr\u00e8s important aussi que Britanniques et Fran\u00e7ais apprennent \u00e0 conna\u00eetre leurs cultures respectives et se rencontrent \u00e0 l\u2019occasion de manifestations moins \u00abscolaires\u00bb, plus conviviales\u00bb, souligne Christian Picaud, pr\u00e9sident de l\u2019association depuis mars 2000. Citons le Christmas Shopping, fin novembre, et les Summer Sales (soldes d\u2019\u00e9t\u00e9) fin juin; le<strong> \u00abwalking week-end\u00bb<\/strong> organis\u00e9 alternativement des deux c\u00f4t\u00e9s de la Manche pour un groupe de 30 personnes qui pratiquent la marche et logent en g\u00eete pendant trois jours ; le pique-nique franco-anglais programm\u00e9 lui aussi en alternance. Ces activit\u00e9s sont organis\u00e9es en collaboration avec l\u2019association <a href=\"http:\/\/lesamisdealing.fr\/?page_id=32\"><strong>Friends of Marcq<\/strong><\/a>, situ\u00e9e \u00e0 Ealing et qui a vu le jour en 1987. Des \u00e9changes sportifs sont \u00e9galement organis\u00e9s en partenariat avec l\u2019Athletic Club Marcquois qui voient les Fran\u00e7ais participer \u00e0 l\u2019Human Race d\u2019Ealing (le 28 mars) tandis que les Anglais viennent \u00e0 Marcq-en-Baroeul pour le semi marathon (le 21 septembre).<\/p>\n<p>L\u2019installation, en septembre 2004, au Ch\u00e2teau Vanderhaghen a permis de mettre en place des activit\u00e9s r\u00e9guli\u00e8res , comme un club de scrabble, des d\u00e9bats cin\u00e9philes en anglais, le coffee house pour discuter convivialement en anglais autour d\u2019une tasse de caf\u00e9 ou de th\u00e9 \u2026 Une<a href=\"http:\/\/lesamisdealing.fr\/?page_id=170\"><strong> biblioth\u00e8que de livres<\/strong><\/a> et documents en anglais a \u00e9galement \u00e9t\u00e9 cr\u00e9\u00e9e au Ch\u00e2teau Vanderhaghen.<\/p>\n<p>Tous les ans, des nouveaut\u00e9s voient le jour. Par exemple, Les Amis d\u2019Ealing vont d\u00e9sormais, en collaboration avec le Colis\u00e9e-Lumi\u00e8re, \u00e0 la d\u00e9couverte du cin\u00e9ma anglo-saxon. Un cycle de conf\u00e9rences a \u00e9t\u00e9 initi\u00e9 en 2009, avec comme premier sujet la peinture.<\/p>\n","protected":false},"excerpt":{"rendered":"<p>Association \u00ab\u00a0LES AMIS D&rsquo;EALING\u00a0\u00bb L\u2019Association des Amis d\u2019Ealing a vu le jour en 1978 \u00e0 Marcq en Baroeul, son premier pr\u00e9sident fut M. Deflandre, alors conseiller municipal. Son but initial fut d\u2019organiser des \u00e9changes&#46;&#46;&#46;<\/p>\n","protected":false},"author":1,"featured_media":0,"parent":0,"menu_order":0,"comment_status":"open","ping_status":"open","template":"","meta":{"footnotes":"","_links_to":"","_links_to_target":""},"class_list":["post-34","page","type-page","status-publish","hentry"],"_links":{"self":[{"href":"https:\/\/lesamisdealing.fr\/index.php?rest_route=\/wp\/v2\/pages\/34","targetHints":{"allow":["GET"]}}],"collection":[{"href":"https:\/\/lesamisdealing.fr\/index.php?rest_route=\/wp\/v2\/pages"}],"about":[{"href":"https:\/\/lesamisdealing.fr\/index.php?rest_route=\/wp\/v2\/types\/page"}],"author":[{"embeddable":true,"href":"https:\/\/lesamisdealing.fr\/index.php?rest_route=\/wp\/v2\/users\/1"}],"replies":[{"embeddable":true,"href":"https:\/\/lesamisdealing.fr\/index.php?rest_route=%2Fwp%2Fv2%2Fcomments&post=34"}],"version-history":[{"count":7,"href":"https:\/\/lesamisdealing.fr\/index.php?rest_route=\/wp\/v2\/pages\/34\/revisions"}],"predecessor-version":[{"id":380,"href":"https:\/\/lesamisdealing.fr\/index.php?rest_route=\/wp\/v2\/pages\/34\/revisions\/380"}],"wp:attachment":[{"href":"https:\/\/lesamisdealing.fr\/index.php?rest_route=%2Fwp%2Fv2%2Fmedia&parent=34"}],"curies":[{"name":"wp","href":"https:\/\/api.w.org\/{rel}","templated":true}]}}