{"id":36,"date":"2014-11-16T11:28:24","date_gmt":"2014-11-16T10:28:24","guid":{"rendered":"http:\/\/lesamisdealing.fr\/wordpress\/?page_id=36"},"modified":"2026-05-13T16:34:40","modified_gmt":"2026-05-13T15:34:40","slug":"adultes","status":"publish","type":"page","link":"https:\/\/lesamisdealing.fr\/?page_id=36","title":{"rendered":"Adultes"},"content":{"rendered":"<h2><em>Adultes et cours du soir: 2026-2027<\/em><\/h2>\n<p>Les cours ont lieu d&rsquo;octobre \u00e0 juin, hors vacances scolaires :<br \/>&#8211; 1h30 de cours par semaine<br \/>&#8211; 27 s\u00e9ances hebdomadaires<br \/>&#8211; les cours sont r\u00e9partis sur 5 niveaux : de d\u00e9butant \u00e0 avanc\u00e9.<\/p>\n<p><em>l&rsquo;effectif maximum est de 12 personnes par groupe<\/em><\/p>\n<table class=\"tab\" cellpadding=\"5\">\n<tbody>\n<tr>\n<td class=\"blanc\">\u00a0<\/td>\n<td>Prix<\/td>\n<td>Cotisation<\/td>\n<\/tr>\n<tr>\n<td>Marcquois<\/td>\n<td>220 \u20ac<\/td>\n<td>20 \u20ac<\/td>\n<\/tr>\n<tr>\n<td>Non Marcquois<\/td>\n<td>250 \u20ac<\/td>\n<td>20 \u20ac<\/td>\n<\/tr>\n<\/tbody>\n<\/table>\n<p><em><strong>(Tarif r\u00e9duit si ch\u00f4mage , RSA ou Longue Maladie)<\/strong><\/em><\/p>\n<p>Reprise des cours\u00a0 septembre 2026.<\/p>\n<p>Inscriptions possibles , au ch\u00e2teau Vanderhaghen lors des permanences ouvertes d\u00e9but septembre 2026.<br \/>Les dates seront donn\u00e9es prochainement<\/p>\n\n\n<p><\/p>\n","protected":false},"excerpt":{"rendered":"<p>Adultes et cours du soir: 2026-2027 Les cours ont lieu d&rsquo;octobre \u00e0 juin, hors vacances scolaires :&#8211; 1h30 de cours par semaine&#8211; 27 s\u00e9ances hebdomadaires&#8211; les cours sont r\u00e9partis sur 5 niveaux : de&#46;&#46;&#46;<\/p>\n","protected":false},"author":1,"featured_media":0,"parent":0,"menu_order":0,"comment_status":"open","ping_status":"open","template":"","meta":{"footnotes":"","_links_to":"","_links_to_target":""},"class_list":["post-36","page","type-page","status-publish","hentry"],"_links":{"self":[{"href":"https:\/\/lesamisdealing.fr\/index.php?rest_route=\/wp\/v2\/pages\/36","targetHints":{"allow":["GET"]}}],"collection":[{"href":"https:\/\/lesamisdealing.fr\/index.php?rest_route=\/wp\/v2\/pages"}],"about":[{"href":"https:\/\/lesamisdealing.fr\/index.php?rest_route=\/wp\/v2\/types\/page"}],"author":[{"embeddable":true,"href":"https:\/\/lesamisdealing.fr\/index.php?rest_route=\/wp\/v2\/users\/1"}],"replies":[{"embeddable":true,"href":"https:\/\/lesamisdealing.fr\/index.php?rest_route=%2Fwp%2Fv2%2Fcomments&post=36"}],"version-history":[{"count":29,"href":"https:\/\/lesamisdealing.fr\/index.php?rest_route=\/wp\/v2\/pages\/36\/revisions"}],"predecessor-version":[{"id":2245,"href":"https:\/\/lesamisdealing.fr\/index.php?rest_route=\/wp\/v2\/pages\/36\/revisions\/2245"}],"wp:attachment":[{"href":"https:\/\/lesamisdealing.fr\/index.php?rest_route=%2Fwp%2Fv2%2Fmedia&parent=36"}],"curies":[{"name":"wp","href":"https:\/\/api.w.org\/{rel}","templated":true}]}}