{"id":82,"date":"2014-12-22T13:48:04","date_gmt":"2014-12-22T12:48:04","guid":{"rendered":"http:\/\/lesamisdealing.fr\/wordpress\/?page_id=82"},"modified":"2014-12-30T13:12:56","modified_gmt":"2014-12-30T12:12:56","slug":"home","status":"publish","type":"page","link":"https:\/\/lesamisdealing.fr\/","title":{"rendered":"Home"},"content":{"rendered":"<h1>Pr\u00e9sentation<\/h1>\n<p class=\"pac\">L&rsquo;association des Amis d&rsquo;Ealing est n\u00e9e en 1979 d&rsquo;un jumelage entre un coll\u00e8ge d&rsquo;Ealing (quartier r\u00e9sidentiel au Nord-Ouest de Londres) et un coll\u00e8ge de Marcq en Baroeul.<\/p>\n<p class=\"pac\">Au cours des ann\u00e9es, le cadre de l&rsquo;association a d\u00e9pass\u00e9 le simple \u00e9change d&rsquo;\u00e8l\u00e8ves et la mise en place de cours d&rsquo;anglais. De nombreuses activit\u00e9s culturelles comme des voyages, des conf\u00e9rences ont \u00e9t\u00e9 organis\u00e9es. <a title=\"Amis d\u2019Ealing\" href=\"http:\/\/lesamisdealing.fr\/wordpress\/?page_id=34\">(Lire la suite)<\/a><\/p>\n<p><a href=\"http:\/\/lesamisdealing.fr\/wordpress\/wp-content\/uploads\/2014\/12\/LOGO.png\"><br \/>\n<img loading=\"lazy\" decoding=\"async\" class=\"attachment-medium aligncenter\" src=\"http:\/\/lesamisdealing.fr\/wordpress\/wp-content\/uploads\/2014\/12\/LOGO-300x204.png\" alt=\"LOGO\" width=\"300\" height=\"204\" \/><\/a><\/p>\n","protected":false},"excerpt":{"rendered":"<p>Pr\u00e9sentation L&rsquo;association des Amis d&rsquo;Ealing est n\u00e9e en 1979 d&rsquo;un jumelage entre un coll\u00e8ge d&rsquo;Ealing (quartier r\u00e9sidentiel au Nord-Ouest de Londres) et un coll\u00e8ge de Marcq en Baroeul. Au cours des ann\u00e9es, le cadre&#46;&#46;&#46;<\/p>\n","protected":false},"author":1,"featured_media":0,"parent":0,"menu_order":0,"comment_status":"open","ping_status":"open","template":"","meta":{"footnotes":"","_links_to":"","_links_to_target":""},"class_list":["post-82","page","type-page","status-publish","hentry"],"_links":{"self":[{"href":"https:\/\/lesamisdealing.fr\/index.php?rest_route=\/wp\/v2\/pages\/82","targetHints":{"allow":["GET"]}}],"collection":[{"href":"https:\/\/lesamisdealing.fr\/index.php?rest_route=\/wp\/v2\/pages"}],"about":[{"href":"https:\/\/lesamisdealing.fr\/index.php?rest_route=\/wp\/v2\/types\/page"}],"author":[{"embeddable":true,"href":"https:\/\/lesamisdealing.fr\/index.php?rest_route=\/wp\/v2\/users\/1"}],"replies":[{"embeddable":true,"href":"https:\/\/lesamisdealing.fr\/index.php?rest_route=%2Fwp%2Fv2%2Fcomments&post=82"}],"version-history":[{"count":3,"href":"https:\/\/lesamisdealing.fr\/index.php?rest_route=\/wp\/v2\/pages\/82\/revisions"}],"predecessor-version":[{"id":112,"href":"https:\/\/lesamisdealing.fr\/index.php?rest_route=\/wp\/v2\/pages\/82\/revisions\/112"}],"wp:attachment":[{"href":"https:\/\/lesamisdealing.fr\/index.php?rest_route=%2Fwp%2Fv2%2Fmedia&parent=82"}],"curies":[{"name":"wp","href":"https:\/\/api.w.org\/{rel}","templated":true}]}}